{"id":2,"date":"2013-02-06T15:11:44","date_gmt":"2013-02-06T13:11:44","guid":{"rendered":""},"modified":"2025-12-19T11:17:05","modified_gmt":"2025-12-19T09:17:05","slug":"home-seite","status":"publish","type":"page","link":"https:\/\/www.tc-oldtimervermietung.com\/","title":{"rendered":"Twin Company Oldtimervermietung"},"content":{"rendered":"<p data-start=\"137\" data-end=\"328\">Nach vielen Jahren voller besonderer Momente schlie\u00dfen wir unsere T\u00fcren.<br data-start=\"209\" data-end=\"212\">Unsere US-Cars durften unz\u00e4hlige Brautpaare auf ihrem Weg in einen neuen Lebensabschnitt begleiten.<\/p>\n<p data-start=\"511\" data-end=\"641\">Nun ist es Zeit, dieses Kapitel zu beenden.<br data-start=\"554\" data-end=\"557\">Wir danken allen, die uns ihr Vertrauen geschenkt haben und Teil dieser Reise waren.<\/p>\n<p data-start=\"643\" data-end=\"695\">Der Motor verstummt \u2013<br data-start=\"664\" data-end=\"667\">doch der Mythos lebt weiter.<\/p>\n<p data-start=\"697\" data-end=\"717\"><strong data-start=\"697\" data-end=\"717\">Danke f\u00fcr alles.<\/strong><\/p>\n\n\n<figure class=\"wp-block-image size-large is-style-rounded\"><img loading=\"lazy\" decoding=\"async\" width=\"1024\" height=\"683\" src=\"https:\/\/www.tc-oldtimervermietung.com\/wp-content\/uploads\/2025\/12\/outofbusiness-1024x683.png\" alt=\"\" class=\"wp-image-464\" srcset=\"https:\/\/www.tc-oldtimervermietung.com\/wp-content\/uploads\/2025\/12\/outofbusiness-1024x683.png 1024w, https:\/\/www.tc-oldtimervermietung.com\/wp-content\/uploads\/2025\/12\/outofbusiness-300x200.png 300w, https:\/\/www.tc-oldtimervermietung.com\/wp-content\/uploads\/2025\/12\/outofbusiness-768x512.png 768w, https:\/\/www.tc-oldtimervermietung.com\/wp-content\/uploads\/2025\/12\/outofbusiness.png 1536w\" sizes=\"auto, (max-width: 1024px) 100vw, 1024px\" \/><\/figure>\n","protected":false},"excerpt":{"rendered":"<p>Nach vielen Jahren voller besonderer Momente schlie\u00dfen wir unsere T\u00fcren.Unsere US-Cars durften unz\u00e4hlige Brautpaare auf ihrem Weg in einen neuen Lebensabschnitt begleiten. Nun ist es Zeit, dieses Kapitel zu beenden.Wir danken allen, die uns ihr Vertrauen geschenkt haben und Teil dieser Reise waren. Der Motor verstummt \u2013doch der Mythos lebt weiter. Danke f\u00fcr alles.<\/p>\n","protected":false},"author":2,"featured_media":0,"parent":0,"menu_order":0,"comment_status":"closed","ping_status":"closed","template":"","meta":{"ngg_post_thumbnail":0,"footnotes":""},"class_list":["post-2","page","type-page","status-publish","hentry"],"_links":{"self":[{"href":"https:\/\/www.tc-oldtimervermietung.com\/index.php?rest_route=\/wp\/v2\/pages\/2","targetHints":{"allow":["GET"]}}],"collection":[{"href":"https:\/\/www.tc-oldtimervermietung.com\/index.php?rest_route=\/wp\/v2\/pages"}],"about":[{"href":"https:\/\/www.tc-oldtimervermietung.com\/index.php?rest_route=\/wp\/v2\/types\/page"}],"author":[{"embeddable":true,"href":"https:\/\/www.tc-oldtimervermietung.com\/index.php?rest_route=\/wp\/v2\/users\/2"}],"replies":[{"embeddable":true,"href":"https:\/\/www.tc-oldtimervermietung.com\/index.php?rest_route=%2Fwp%2Fv2%2Fcomments&post=2"}],"version-history":[{"count":57,"href":"https:\/\/www.tc-oldtimervermietung.com\/index.php?rest_route=\/wp\/v2\/pages\/2\/revisions"}],"predecessor-version":[{"id":467,"href":"https:\/\/www.tc-oldtimervermietung.com\/index.php?rest_route=\/wp\/v2\/pages\/2\/revisions\/467"}],"wp:attachment":[{"href":"https:\/\/www.tc-oldtimervermietung.com\/index.php?rest_route=%2Fwp%2Fv2%2Fmedia&parent=2"}],"curies":[{"name":"wp","href":"https:\/\/api.w.org\/{rel}","templated":true}]}}