{"id":16,"date":"2013-02-06T17:43:22","date_gmt":"2013-02-06T15:43:22","guid":{"rendered":"http:\/\/www.tc-oldtimervermietung.com\/versuch_zwei\/?page_id=16"},"modified":"2025-02-03T17:11:47","modified_gmt":"2025-02-03T15:11:47","slug":"was-wird-angeboten","status":"publish","type":"page","link":"https:\/\/www.tc-oldtimervermietung.com\/?page_id=16","title":{"rendered":"Unsere Fahrzeuge:"},"content":{"rendered":"<h1 style=\"text-align: center;\">Ford Fairlane 500<\/h1>\n<h3>Baujahr 1957<\/h3>\n<p style=\"text-align: center;\"><span style=\"color: #ff0000;\"><span style=\"color: #ff0000;\">Dieses Fahrzeug kann nur inklusive Chauffeur gemietet werden!<\/span><\/span><\/p>\n<p>Nicht nur Amerikafans kommen hier auf ihre Kosten, sondern auch Autobegeisterte, l\u00e4\u00dft man erst einmal Feuer in die Maschine str\u00f6men. Das Blubbern des V8 allein schon im Leerlauf ist eine Sensation!<br \/>\nDoch die wahre Gr\u00f6\u00dfe offenbart sich erst beim Betreten des Fahrgastraumes! Dieser Komfort, diese Gem\u00fctlichkeit!<\/p>\n<p style=\"text-align: center;\">ngg_shortcode_0_placeholder<\/p>\n<p>&nbsp;<\/p>\n<h1 style=\"text-align: center;\">VW K\u00e4fer Cabrio<\/h1>\n<h3>Baujahr 1972<\/h3>\n<p style=\"text-align: center;\"><span style=\"color: #ff0000;\">Dieses Fahrzeug kann nur inklusive Chauffeur gemietet werden!<\/span><\/p>\n<p style=\"text-align: center;\">ngg_shortcode_1_placeholder<\/p>\n","protected":false},"excerpt":{"rendered":"<p>Ford Fairlane 500 Baujahr 1957 Dieses Fahrzeug kann nur inklusive Chauffeur gemietet werden! Nicht nur Amerikafans kommen hier auf ihre Kosten, sondern auch Autobegeisterte, l\u00e4\u00dft man erst einmal Feuer in die Maschine str\u00f6men. Das Blubbern des V8 allein schon im Leerlauf ist eine Sensation! Doch die wahre Gr\u00f6\u00dfe offenbart sich erst beim Betreten des Fahrgastraumes! [&hellip;]<\/p>\n","protected":false},"author":2,"featured_media":0,"parent":0,"menu_order":0,"comment_status":"closed","ping_status":"closed","template":"","meta":{"ngg_post_thumbnail":0,"footnotes":""},"class_list":["post-16","page","type-page","status-publish","hentry"],"_links":{"self":[{"href":"https:\/\/www.tc-oldtimervermietung.com\/index.php?rest_route=\/wp\/v2\/pages\/16","targetHints":{"allow":["GET"]}}],"collection":[{"href":"https:\/\/www.tc-oldtimervermietung.com\/index.php?rest_route=\/wp\/v2\/pages"}],"about":[{"href":"https:\/\/www.tc-oldtimervermietung.com\/index.php?rest_route=\/wp\/v2\/types\/page"}],"author":[{"embeddable":true,"href":"https:\/\/www.tc-oldtimervermietung.com\/index.php?rest_route=\/wp\/v2\/users\/2"}],"replies":[{"embeddable":true,"href":"https:\/\/www.tc-oldtimervermietung.com\/index.php?rest_route=%2Fwp%2Fv2%2Fcomments&post=16"}],"version-history":[{"count":41,"href":"https:\/\/www.tc-oldtimervermietung.com\/index.php?rest_route=\/wp\/v2\/pages\/16\/revisions"}],"predecessor-version":[{"id":462,"href":"https:\/\/www.tc-oldtimervermietung.com\/index.php?rest_route=\/wp\/v2\/pages\/16\/revisions\/462"}],"wp:attachment":[{"href":"https:\/\/www.tc-oldtimervermietung.com\/index.php?rest_route=%2Fwp%2Fv2%2Fmedia&parent=16"}],"curies":[{"name":"wp","href":"https:\/\/api.w.org\/{rel}","templated":true}]}}